{"id":58,"date":"2025-05-08T11:28:21","date_gmt":"2025-05-08T11:28:21","guid":{"rendered":"https:\/\/pondi.dk\/?page_id=58"},"modified":"2026-03-16T14:46:31","modified_gmt":"2026-03-16T14:46:31","slug":"hvem-er-vi","status":"publish","type":"page","link":"https:\/\/pondi.dk\/?page_id=58","title":{"rendered":"Hvem er vi?"},"content":{"rendered":"\n<main class=\"wp-block-group alignfull pondi-home is-layout-flow wp-block-group-is-layout-flow\">\n<div class=\"wp-block-group alignfull pondi-home__shell is-layout-flow wp-block-group-is-layout-flow\">\n<div class=\"wp-block-group pondi-home__hero-card is-layout-flow wp-block-group-is-layout-flow\">\n<div class=\"wp-block-columns is-layout-flex wp-container-core-columns-is-layout-643ced6b wp-block-columns-is-layout-flex\">\n<div class=\"wp-block-column is-vertically-aligned-center is-layout-flow wp-block-column-is-layout-flow\" style=\"flex-basis:40%\">\n<figure class=\"wp-block-image aligncenter size-large\"><img loading=\"lazy\" decoding=\"async\" width=\"1024\" height=\"800\" src=\"https:\/\/pondi.dk\/wp-content\/uploads\/2025\/05\/Pondi-Logo-design-1024x800.png\" alt=\"\" class=\"wp-image-62\" srcset=\"https:\/\/pondi.dk\/wp-content\/uploads\/2025\/05\/Pondi-Logo-design-1024x800.png 1024w, https:\/\/pondi.dk\/wp-content\/uploads\/2025\/05\/Pondi-Logo-design-300x234.png 300w, https:\/\/pondi.dk\/wp-content\/uploads\/2025\/05\/Pondi-Logo-design-768x600.png 768w, https:\/\/pondi.dk\/wp-content\/uploads\/2025\/05\/Pondi-Logo-design-1536x1200.png 1536w, https:\/\/pondi.dk\/wp-content\/uploads\/2025\/05\/Pondi-Logo-design-2048x1599.png 2048w\" sizes=\"auto, (max-width: 1024px) 100vw, 1024px\" \/><\/figure>\n<\/div>\n\n\n\n<div class=\"wp-block-column is-vertically-aligned-center is-layout-flow wp-container-core-column-is-layout-119bc444 wp-block-column-is-layout-flow\" style=\"flex-basis:60%\">\n<h2 class=\"wp-block-heading has-xx-large-font-size\">Pondi<\/h2>\n\n\n\n<p>Vi er Pondi &#8211; Et ordspil p\u00e5 \u201cPondy\u201d som betyder \u201cdam-agtig\u201d og bruges f.eks. til at beskrive et landskab fyldt med mange sm\u00e5 damme.<\/p>\n\n\n\n<p>Det er s\u00e5dan vi ser Danmark: Vores lille andedam, hvor vi har det godt og hvor der er mange damme. Damme der kan optage CO-2 og skabe et \u00f8kosystem af planter og dyreliv. Damme som giver igen til resten af verdenen.<\/p>\n\n\n\n<p>Derfor vil vi forst\u00e6rke denne vision \u2013 hver virksomhed, organisation, caf\u00e9 eller restaurant skal v\u00e6re en lille dam i det danske landskab, som bidrager til at skabe et sundt \u00f8kosystem med liv og farver, der bidrager til resten af verden.<\/p>\n\n\n\n<p>Ligesom \u201cmange b\u00e6kke sm\u00e5\u201d-princippet s\u00e5 er Pondi en service, der forener den samlede kraft bag vores handle- og forbrugsm\u00f8nstre og benytter denne til at skabe en positiv forandring i klima-kampen.<br><\/p>\n<\/div>\n<\/div>\n<\/div>\n\n\n\n<div class=\"wp-block-group pondi-home__hero-card is-layout-flow wp-block-group-is-layout-flow\">\n<div class=\"wp-block-columns is-layout-flex wp-container-core-columns-is-layout-7ee84d44 wp-block-columns-is-layout-flex\">\n<div class=\"wp-block-column is-vertically-aligned-center is-layout-flow wp-block-column-is-layout-flow\" style=\"flex-basis:50%\">\n<h2 class=\"wp-block-heading\">Om din st\u00f8tte<\/h2>\n\n\n\n<p class=\"has-medium-font-size\">Hvis du har valgt at st\u00f8tte os, s\u00e5 er g\u00e5r dine penge til i f\u00f8rste omgang at sikre naturomr\u00e5der gennem <strong><a href=\"https:\/\/naturfonden.dk\" data-type=\"link\" data-id=\"https:\/\/naturfonden.dk\">Den Danske Naturfond<\/a><\/strong>.<\/p>\n\n\n\n<p class=\"has-medium-font-size\">De forbedrer den danske natur ved at skabe flere levesteder for dyr og planter, og hvor alle kan opleve storsl\u00e5et natur p\u00e5 naturens betingelser. Den Danske Naturfond beskytter naturen, hvor den allerede findes, hvor den er truet og de genopretter den, hvor den tidligere har v\u00e6ret.<\/p>\n\n\n\n<p class=\"has-medium-font-size\">Med tiden h\u00e5ber Pondi p\u00e5 at udvide st\u00f8tten til foreskellige typer af klima-projekter.<\/p>\n<\/div>\n\n\n\n<div class=\"wp-block-column is-vertically-aligned-center is-layout-flow wp-block-column-is-layout-flow\" style=\"flex-basis:50%\">\n<figure class=\"wp-block-image size-full is-style-default wp-duotone-333-rgb819640-1\"><img loading=\"lazy\" decoding=\"async\" width=\"500\" height=\"141\" src=\"https:\/\/pondi.dk\/wp-content\/uploads\/2026\/01\/logo-white.png\" alt=\"\" class=\"wp-image-149\" srcset=\"https:\/\/pondi.dk\/wp-content\/uploads\/2026\/01\/logo-white.png 500w, https:\/\/pondi.dk\/wp-content\/uploads\/2026\/01\/logo-white-300x85.png 300w\" sizes=\"auto, (max-width: 500px) 100vw, 500px\" \/><\/figure>\n<\/div>\n<\/div>\n<\/div>\n\n\n\n<div class=\"wp-block-group pondi-home__hero-card is-layout-flow wp-block-group-is-layout-flow\">\n<div class=\"wp-block-media-text is-stacked-on-mobile is-vertically-aligned-center\" style=\"grid-template-columns:27% auto\"><figure class=\"wp-block-media-text__media\"><img loading=\"lazy\" decoding=\"async\" width=\"309\" height=\"309\" src=\"https:\/\/pondi.dk\/wp-content\/uploads\/2025\/05\/Profile_pic-edited.jpg\" alt=\"\" class=\"wp-image-109 size-full\" srcset=\"https:\/\/pondi.dk\/wp-content\/uploads\/2025\/05\/Profile_pic-edited.jpg 309w, https:\/\/pondi.dk\/wp-content\/uploads\/2025\/05\/Profile_pic-edited-300x300.jpg 300w, https:\/\/pondi.dk\/wp-content\/uploads\/2025\/05\/Profile_pic-edited-150x150.jpg 150w\" sizes=\"auto, (max-width: 309px) 100vw, 309px\" \/><\/figure><div class=\"wp-block-media-text__content\">\n<p>Pondi ApS er startet af den her gut. Han hedder Rasmus og har tidligere arbejdet med IT og fors\u00f8ger nu at benytte sin viden og kunnen til at modarbejde klimaforandringerne.<\/p>\n<\/div><\/div>\n<\/div>\n\n\n\n<div class=\"wp-block-group pondi-home__info-card is-layout-flow wp-block-group-is-layout-flow\">\n<h2 class=\"wp-block-heading has-text-align-center\">Vi samarbejder med:<\/h2>\n\n\n\n<div style=\"height:var(--wp--preset--spacing--30)\" aria-hidden=\"true\" class=\"wp-block-spacer\"><\/div>\n\n\n\n<div class=\"wp-block-group is-content-justification-center is-layout-flex wp-container-core-group-is-layout-2c471116 wp-block-group-is-layout-flex\">\n<figure class=\"wp-block-image size-full is-resized\"><a href=\"https:\/\/cafegaya.dk\"><img loading=\"lazy\" decoding=\"async\" width=\"385\" height=\"385\" src=\"https:\/\/pondi.dk\/wp-content\/uploads\/2025\/07\/Gaya_Logo.jpg\" alt=\"\" class=\"wp-image-123\" style=\"object-fit:contain;width:172px;height:auto\" srcset=\"https:\/\/pondi.dk\/wp-content\/uploads\/2025\/07\/Gaya_Logo.jpg 385w, https:\/\/pondi.dk\/wp-content\/uploads\/2025\/07\/Gaya_Logo-300x300.jpg 300w, https:\/\/pondi.dk\/wp-content\/uploads\/2025\/07\/Gaya_Logo-150x150.jpg 150w\" sizes=\"auto, (max-width: 385px) 100vw, 385px\" \/><\/a><\/figure>\n\n\n\n<figure class=\"wp-block-image size-large is-resized\"><a href=\"https:\/\/spisdigglad.dk\"><img loading=\"lazy\" decoding=\"async\" width=\"1024\" height=\"340\" src=\"https:\/\/pondi.dk\/wp-content\/uploads\/2026\/01\/Logo-1024x340.png\" alt=\"\" class=\"wp-image-150\" style=\"width:185px;height:auto\" srcset=\"https:\/\/pondi.dk\/wp-content\/uploads\/2026\/01\/Logo-1024x340.png 1024w, https:\/\/pondi.dk\/wp-content\/uploads\/2026\/01\/Logo-300x99.png 300w, https:\/\/pondi.dk\/wp-content\/uploads\/2026\/01\/Logo-768x255.png 768w, https:\/\/pondi.dk\/wp-content\/uploads\/2026\/01\/Logo.png 1182w\" sizes=\"auto, (max-width: 1024px) 100vw, 1024px\" \/><\/a><\/figure>\n<\/div>\n\n\n\n<p class=\"has-text-align-center\">Vi er f\u00f8rst lige begyndt, og vi arbejder h\u00e5rdt p\u00e5 at finde flere samarbejdspartnere!<\/p>\n<\/div>\n\n\n\n<div class=\"wp-block-group pondi-home__info-card is-layout-flow wp-block-group-is-layout-flow\">\n<h3 class=\"wp-block-heading has-text-align-center has-small-font-size\" style=\"font-style:normal;font-weight:600;letter-spacing:1px;text-transform:uppercase\">Tilmeld dig vores nyhedsbrev herunder:<\/h3>\n\n\n\n<div style=\"padding:20px\" class=\"wp-block-tnp-minimal\"><p><\/p><div><div class=\"tnp tnp-subscription-minimal  \"><form action=\"https:\/\/pondi.dk\/wp-admin\/admin-ajax.php?action=tnp&amp;na=s\" method=\"post\" style=\"text-align: center\"><input type=\"hidden\" name=\"nr\" value=\"minimal\">\n<input type=\"hidden\" name=\"nlang\" value=\"\">\n<input class=\"tnp-email\" type=\"email\" required name=\"ne\" value=\"\" placeholder=\"Email\"><input class=\"tnp-submit\" type=\"submit\" value=\"Tilmeld!\" style=\"\">\n<\/form><\/div>\n<\/div><\/div>\n<\/div>\n<\/div>\n<\/main>\n","protected":false},"excerpt":{"rendered":"<p>Pondi Vi er Pondi &#8211; Et ordspil p\u00e5 \u201cPondy\u201d som betyder \u201cdam-agtig\u201d og bruges f.eks. til at beskrive et landskab fyldt med mange sm\u00e5 damme. Det er s\u00e5dan vi ser Danmark: Vores lille andedam, hvor vi har det godt og hvor der er mange damme. Damme der kan optage CO-2 og skabe et \u00f8kosystem af [&hellip;]<\/p>\n","protected":false},"author":1,"featured_media":0,"parent":0,"menu_order":0,"comment_status":"closed","ping_status":"closed","template":"","meta":{"iawp_total_views":90,"footnotes":""},"class_list":["post-58","page","type-page","status-publish","hentry"],"_links":{"self":[{"href":"https:\/\/pondi.dk\/index.php?rest_route=\/wp\/v2\/pages\/58","targetHints":{"allow":["GET"]}}],"collection":[{"href":"https:\/\/pondi.dk\/index.php?rest_route=\/wp\/v2\/pages"}],"about":[{"href":"https:\/\/pondi.dk\/index.php?rest_route=\/wp\/v2\/types\/page"}],"author":[{"embeddable":true,"href":"https:\/\/pondi.dk\/index.php?rest_route=\/wp\/v2\/users\/1"}],"replies":[{"embeddable":true,"href":"https:\/\/pondi.dk\/index.php?rest_route=%2Fwp%2Fv2%2Fcomments&post=58"}],"version-history":[{"count":17,"href":"https:\/\/pondi.dk\/index.php?rest_route=\/wp\/v2\/pages\/58\/revisions"}],"predecessor-version":[{"id":183,"href":"https:\/\/pondi.dk\/index.php?rest_route=\/wp\/v2\/pages\/58\/revisions\/183"}],"wp:attachment":[{"href":"https:\/\/pondi.dk\/index.php?rest_route=%2Fwp%2Fv2%2Fmedia&parent=58"}],"curies":[{"name":"wp","href":"https:\/\/api.w.org\/{rel}","templated":true}]}}